{"id":12,"date":"2014-07-02T18:43:54","date_gmt":"2014-07-02T18:43:54","guid":{"rendered":"http:\/\/iniciativaporlaorotava.org\/wprs\/?page_id=12"},"modified":"2014-09-23T18:36:01","modified_gmt":"2014-09-23T18:36:01","slug":"multimedia","status":"publish","type":"page","link":"https:\/\/iniciativaporlaorotava.org\/wprs\/multimedia\/","title":{"rendered":"Audiovisuales"},"content":{"rendered":"<p>INTERVENCI\u00d3N DE JOS\u00c9 MANUEL HERN\u00c1NDEZ EN EL SEMINARIO: DERECHO A LA VIDA DESEADA, DIGNA Y SALUDABLE<\/p>\n<p><iframe loading=\"lazy\" src=\"\/\/www.youtube.com\/embed\/BIjrb_HUPeU\" width=\"650\" height=\"395\" frameborder=\"0\" allowfullscreen=\"allowfullscreen\"><\/iframe><\/p>\n<p><span style=\"font-size: 20px; line-height: 1.5;\">CENA DE PRESENTACI\u00d3N DE CANDIDATOS DE INICIATIVA POR LA OROTAVA<\/span><\/p>\n<p><a href=\"http:\/\/iframewidth=640height=390src=\/\/www.youtube.com\/embed\/jXScCt-i3Aoframeborder=0allowfullscreen\/iframe\"><iframe loading=\"lazy\" src=\"\/\/www.youtube.com\/embed\/jXScCt-i3Ao\" width=\"640\" height=\"390\" frameborder=\"0\" allowfullscreen=\"allowfullscreen\"><\/iframe><\/a><\/p>\n<p>V\u00cdDEO CAMPA\u00d1A ELECTORAL 2011<\/p>\n<p><a href=\"http:\/\/iframewidth=640height=390src=\/\/www.youtube.com\/embed\/T9OI0eJ9gIYframeborder=0allowfullscreen\/iframe\"><iframe loading=\"lazy\" src=\"\/\/www.youtube.com\/embed\/T9OI0eJ9gIY\" width=\"640\" height=\"390\" frameborder=\"0\" allowfullscreen=\"allowfullscreen\"><\/iframe><\/a><\/p>\n<p id=\"watch-headline-title\" class=\"yt\" style=\"color: #222222;\"><span id=\"eow-title\" class=\"watch-title  yt-uix-expander-head\" dir=\"ltr\" style=\"color: #000000;\" title=\"VIDEO_10_ANIVERSARIO_IPO.flv\">VIDEO_10_ANIVERSARIO_IPO<\/span><\/p>\n<p><a href=\"http:\/\/iframewidth=640height=390src=\/\/www.youtube.com\/embed\/8MHeluaa-uoframeborder=0allowfullscreen\/iframe\"><iframe loading=\"lazy\" src=\"\/\/www.youtube.com\/embed\/8MHeluaa-uo\" width=\"640\" height=\"390\" frameborder=\"0\" allowfullscreen=\"allowfullscreen\"><\/iframe><\/a><\/p>\n<p id=\"watch-headline-title\" class=\"yt\" style=\"color: #222222;\"><a href=\"http:\/\/www.youtube.com\/channel\/UCLHoLwM5A3y0Mham5wO8Mjg\">Otros v\u00eddeos de IpO<\/a><\/p>\n","protected":false},"excerpt":{"rendered":"<p>INTERVENCI\u00d3N DE JOS\u00c9 MANUEL HERN\u00c1NDEZ EN EL SEMINARIO: DERECHO A LA VIDA DESEADA, DIGNA Y SALUDABLE CENA DE PRESENTACI\u00d3N DE CANDIDATOS DE INICIATIVA POR LA OROTAVA V\u00cdDEO CAMPA\u00d1A ELECTORAL 2011 <a href=\"https:\/\/iniciativaporlaorotava.org\/wprs\/multimedia\/\" class=\"more-link\">[&hellip;]<\/a><\/p>\n","protected":false},"author":3,"featured_media":0,"parent":0,"menu_order":1,"comment_status":"open","ping_status":"open","template":"","meta":{"Layout":"2c-l","footnotes":""},"class_list":["entry","author-ipo","post-12","page","type-page","status-publish"],"_links":{"self":[{"href":"https:\/\/iniciativaporlaorotava.org\/wprs\/wp-json\/wp\/v2\/pages\/12","targetHints":{"allow":["GET"]}}],"collection":[{"href":"https:\/\/iniciativaporlaorotava.org\/wprs\/wp-json\/wp\/v2\/pages"}],"about":[{"href":"https:\/\/iniciativaporlaorotava.org\/wprs\/wp-json\/wp\/v2\/types\/page"}],"author":[{"embeddable":true,"href":"https:\/\/iniciativaporlaorotava.org\/wprs\/wp-json\/wp\/v2\/users\/3"}],"replies":[{"embeddable":true,"href":"https:\/\/iniciativaporlaorotava.org\/wprs\/wp-json\/wp\/v2\/comments?post=12"}],"version-history":[{"count":7,"href":"https:\/\/iniciativaporlaorotava.org\/wprs\/wp-json\/wp\/v2\/pages\/12\/revisions"}],"predecessor-version":[{"id":131,"href":"https:\/\/iniciativaporlaorotava.org\/wprs\/wp-json\/wp\/v2\/pages\/12\/revisions\/131"}],"wp:attachment":[{"href":"https:\/\/iniciativaporlaorotava.org\/wprs\/wp-json\/wp\/v2\/media?parent=12"}],"curies":[{"name":"wp","href":"https:\/\/api.w.org\/{rel}","templated":true}]}}